{"id":5212,"date":"2021-08-25T07:26:28","date_gmt":"2021-08-25T07:26:28","guid":{"rendered":"http:\/\/dummy.xtemos.com\/woodmart2\/?page_id=5212"},"modified":"2023-01-09T19:05:06","modified_gmt":"2023-01-09T16:05:06","slug":"about-us-3","status":"publish","type":"page","link":"https:\/\/dmdecorhause.com\/index.php\/about-us-3\/","title":{"rendered":"Hakk\u0131m\u0131zda"},"content":{"rendered":"<section class=\"wpb-content-wrapper\"><p>[vc_row full_width=&#8221;stretch_row_content_no_spaces&#8221; equal_height=&#8221;yes&#8221; content_placement=&#8221;middle&#8221; css=&#8221;.vc_custom_1627895954385{margin-bottom: 95px !important;padding-top: 0px !important;padding-bottom: 0px !important;background-color: #141414 !important;}&#8221; woodmart_css_id=&#8221;6107b88e07686&#8243; responsive_spacing=&#8221;eyJwYXJhbV90eXBlIjoid29vZG1hcnRfcmVzcG9uc2l2ZV9zcGFjaW5nIiwic2VsZWN0b3JfaWQiOiI2MTA3Yjg4ZTA3Njg2Iiwic2hvcnRjb2RlIjoidmNfcm93IiwiZGF0YSI6eyJ0YWJsZXQiOnsibWFyZ2luLWJvdHRvbSI6IjcwIn0sIm1vYmlsZSI6eyJtYXJnaW4tYm90dG9tIjoiNDAifX19&#8243; mobile_bg_img_hidden=&#8221;no&#8221; tablet_bg_img_hidden=&#8221;no&#8221; woodmart_parallax=&#8221;0&#8243; woodmart_gradient_switch=&#8221;no&#8221; row_reverse_mobile=&#8221;0&#8243; row_reverse_tablet=&#8221;0&#8243; woodmart_disable_overflow=&#8221;0&#8243;][vc_column css=&#8221;.vc_custom_1496236506556{padding-top: 0px !important;background-position: center !important;background-repeat: no-repeat !important;background-size: cover !important;}&#8221; offset=&#8221;vc_col-md-6 vc_col-xs-12&#8243;]\t\t<div id=\"gallery_221\" class=\"wd-images-gallery wd-justify-center wd-items-middle view-masonry vc_custom_1627892874617 photoswipe-images\" >\n\t\t\t<div class=\"gallery-images row wd-spacing-0\">\n\t\t\t\t\t\t\t\t\t\t\t\t\t\t\t<div class=\"wd-gallery-item col-lg-6 col-md-6 col-sm-6 col-6\">\n\t\t\t\t\t\t\t\t\t\t\t\t\t\t<a href=\"https:\/\/dmdecorhause.com\/wp-content\/uploads\/2023\/01\/furniture-gallery-1.jpg\" data-elementor-open-lightbox=\"no\" data-index=\"1\" data-width=\"600\" data-height=\"1200\"  >\n\t\t\t\t\t\t\t\t\n\t\t\t\t\t\t\t\t\t\t\t\t\t\t\t\t\t<img width=\"600\" height=\"1200\" src=\"https:\/\/dmdecorhause.com\/wp-content\/uploads\/2023\/01\/furniture-gallery-1.jpg\" class=\"wd-gallery-image image-1 attachment-full\" alt=\"\" decoding=\"async\" loading=\"lazy\" title=\"\" srcset=\"https:\/\/dmdecorhause.com\/wp-content\/uploads\/2023\/01\/furniture-gallery-1.jpg 600w, https:\/\/dmdecorhause.com\/wp-content\/uploads\/2023\/01\/furniture-gallery-1-150x300.jpg 150w, https:\/\/dmdecorhause.com\/wp-content\/uploads\/2023\/01\/furniture-gallery-1-400x800.jpg 400w, https:\/\/dmdecorhause.com\/wp-content\/uploads\/2023\/01\/furniture-gallery-1-430x860.jpg 430w\" sizes=\"(max-width: 600px) 100vw, 600px\" \/>\t\t\t\t\t\t\t\t\n\n\t\t\t\t\t\t\t\t\t\t\t\t\t\t\t<\/a>\n\t\t\t\t\t\t\t\t\t\t\t\t<\/div>\n\t\t\t\t\t\t\t\t\t\t\t<div class=\"wd-gallery-item col-lg-6 col-md-6 col-sm-6 col-6\">\n\t\t\t\t\t\t\t\t\t\t\t\t\t\t<a href=\"https:\/\/dmdecorhause.com\/wp-content\/uploads\/2023\/01\/furniture-gallery-2.jpg\" data-elementor-open-lightbox=\"no\" data-index=\"2\" data-width=\"600\" data-height=\"600\"  >\n\t\t\t\t\t\t\t\t\n\t\t\t\t\t\t\t\t\t\t\t\t\t\t\t\t\t<img width=\"600\" height=\"600\" src=\"https:\/\/dmdecorhause.com\/wp-content\/uploads\/2023\/01\/furniture-gallery-2.jpg\" class=\"wd-gallery-image image-2 attachment-full\" alt=\"\" decoding=\"async\" loading=\"lazy\" title=\"\" srcset=\"https:\/\/dmdecorhause.com\/wp-content\/uploads\/2023\/01\/furniture-gallery-2.jpg 600w, https:\/\/dmdecorhause.com\/wp-content\/uploads\/2023\/01\/furniture-gallery-2-300x300.jpg 300w, https:\/\/dmdecorhause.com\/wp-content\/uploads\/2023\/01\/furniture-gallery-2-150x150.jpg 150w, https:\/\/dmdecorhause.com\/wp-content\/uploads\/2023\/01\/furniture-gallery-2-430x430.jpg 430w\" sizes=\"(max-width: 600px) 100vw, 600px\" \/>\t\t\t\t\t\t\t\t\n\n\t\t\t\t\t\t\t\t\t\t\t\t\t\t\t<\/a>\n\t\t\t\t\t\t\t\t\t\t\t\t<\/div>\n\t\t\t\t\t\t\t\t\t\t\t<div class=\"wd-gallery-item col-lg-6 col-md-6 col-sm-6 col-6\">\n\t\t\t\t\t\t\t\t\t\t\t\t\t\t<a href=\"https:\/\/dmdecorhause.com\/wp-content\/uploads\/2023\/01\/furniture-gallery-3.jpg\" data-elementor-open-lightbox=\"no\" data-index=\"3\" data-width=\"600\" data-height=\"600\"  >\n\t\t\t\t\t\t\t\t\n\t\t\t\t\t\t\t\t\t\t\t\t\t\t\t\t\t<img width=\"600\" height=\"600\" src=\"https:\/\/dmdecorhause.com\/wp-content\/uploads\/2023\/01\/furniture-gallery-3.jpg\" class=\"wd-gallery-image image-3 attachment-full\" alt=\"\" decoding=\"async\" loading=\"lazy\" title=\"\" srcset=\"https:\/\/dmdecorhause.com\/wp-content\/uploads\/2023\/01\/furniture-gallery-3.jpg 600w, https:\/\/dmdecorhause.com\/wp-content\/uploads\/2023\/01\/furniture-gallery-3-300x300.jpg 300w, https:\/\/dmdecorhause.com\/wp-content\/uploads\/2023\/01\/furniture-gallery-3-150x150.jpg 150w, https:\/\/dmdecorhause.com\/wp-content\/uploads\/2023\/01\/furniture-gallery-3-430x430.jpg 430w\" sizes=\"(max-width: 600px) 100vw, 600px\" \/>\t\t\t\t\t\t\t\t\n\n\t\t\t\t\t\t\t\t\t\t\t\t\t\t\t<\/a>\n\t\t\t\t\t\t\t\t\t\t\t\t<\/div>\n\t\t\t\t\t\t\t\t\t\t\t\t<\/div>\n\t\t<\/div>\n\t\t\t\t[\/vc_column][vc_column css=&#8221;.vc_custom_1637326260576{padding-top: 60px !important;padding-right: 65px !important;padding-bottom: 55px !important;padding-left: 65px !important;background-position: 0 0 !important;background-repeat: no-repeat !important;}&#8221; offset=&#8221;vc_col-md-6 vc_col-xs-12&#8243; woodmart_css_id=&#8221;61979daea3d63&#8243; responsive_spacing=&#8221;eyJwYXJhbV90eXBlIjoid29vZG1hcnRfcmVzcG9uc2l2ZV9zcGFjaW5nIiwic2VsZWN0b3JfaWQiOiI2MTk3OWRhZWEzZDYzIiwic2hvcnRjb2RlIjoidmNfY29sdW1uIiwiZGF0YSI6eyJ0YWJsZXQiOnsicGFkZGluZy10b3AiOiI1MHB4IiwicGFkZGluZy1yaWdodCI6IjU1cHgiLCJwYWRkaW5nLWJvdHRvbSI6IjQ1cHgiLCJwYWRkaW5nLWxlZnQiOiI1NXB4In0sIm1vYmlsZSI6e319fQ==&#8221; parallax_scroll=&#8221;no&#8221; mobile_bg_img_hidden=&#8221;no&#8221; tablet_bg_img_hidden=&#8221;no&#8221; woodmart_parallax=&#8221;0&#8243; woodmart_sticky_column=&#8221;false&#8221; mobile_reset_margin=&#8221;no&#8221; tablet_reset_margin=&#8221;yes&#8221; wd_collapsible_content_switcher=&#8221;no&#8221; woodmart_box_shadow=&#8221;no&#8221; wd_z_index=&#8221;no&#8221;]\t\t<div id=\"wd-63bc39b0adc9d\" class=\"wd-text-block wd-wpb reset-last-child wd-rs-63bc39b0adc9d text-left color-scheme-light wd-font-weight-500 color-title wd-fontsize-s vc_custom_1673279937629\">\n\t\t\t<p>Tasar\u0131m &amp; \u0130malat<\/p>\n\t\t<\/div>\n\t\t\n\t\t<div id=\"wd-63bc39c8a5d8b\" class=\"title-wrapper wd-wpb set-mb-s reset-last-child  wd-rs-63bc39c8a5d8b wd-title-color-default wd-title-style-default text-left vc_custom_1673279961494 wd-underline-colored\">\n\t\t\t\n\t\t\t<div class=\"liner-continer\">\n\t\t\t\t<h4 class=\"woodmart-title-container title  wd-font-weight- wd-fontsize-xxxl\" >KAL\u0130TE ASLA TESAD\u00dcF OLMAZ<\/h4>\n\t\t\t\t\t\t\t<\/div>\n\t\t\t\n\t\t\t\n\t\t\t\n\t\t<\/div>\n\t\t\n\t\t\t\t<div id=\"wd-63bc3a020d2cf\" class=\"wd-text-block wd-wpb reset-last-child wd-rs-63bc3a020d2cf hidden-md hidden-sm hidden-xs text-left wd-font-weight-300 wd-fontsize-custom vc_custom_1673280031455\">\n\t\t\t<p>Hakk\u0131m\u0131zda<\/p>\n\t\t<\/div>\n\t\t[vc_separator color=&#8221;custom&#8221; align=&#8221;align_left&#8221; border_width=&#8221;2&#8243; el_width=&#8221;10&#8243; accent_color=&#8221;#339059&#8243; css=&#8221;.vc_custom_1627894055569{margin-bottom: 25px !important;}&#8221;][vc_row_inner css=&#8221;.vc_custom_1627894175507{margin-bottom: 10px !important;}&#8221; woodmart_css_id=&#8221;6107b19d9863a&#8221; responsive_spacing=&#8221;eyJwYXJhbV90eXBlIjoid29vZG1hcnRfcmVzcG9uc2l2ZV9zcGFjaW5nIiwic2VsZWN0b3JfaWQiOiI2MTA3YjE5ZDk4NjNhIiwic2hvcnRjb2RlIjoidmNfcm93X2lubmVyIiwiZGF0YSI6eyJ0YWJsZXQiOnt9LCJtb2JpbGUiOnt9fX0=&#8221; row_reverse_mobile=&#8221;0&#8243; row_reverse_tablet=&#8221;0&#8243;][vc_column_inner css=&#8221;.vc_custom_1637326118163{padding-right: 30px !important;}&#8221; offset=&#8221;vc_col-lg-6 vc_col-xs-12&#8243; woodmart_css_id=&#8221;61979d13d6e83&#8243; responsive_spacing=&#8221;eyJwYXJhbV90eXBlIjoid29vZG1hcnRfcmVzcG9uc2l2ZV9zcGFjaW5nIiwic2VsZWN0b3JfaWQiOiI2MTk3OWQxM2Q2ZTgzIiwic2hvcnRjb2RlIjoidmNfY29sdW1uX2lubmVyIiwiZGF0YSI6eyJ0YWJsZXQiOnt9LCJtb2JpbGUiOnsicGFkZGluZy1yaWdodCI6IjAifX19&#8243; parallax_scroll=&#8221;no&#8221; woodmart_sticky_column=&#8221;false&#8221; wd_collapsible_content_switcher=&#8221;no&#8221; mobile_bg_img_hidden=&#8221;no&#8221; tablet_bg_img_hidden=&#8221;no&#8221; woodmart_parallax=&#8221;0&#8243; woodmart_box_shadow=&#8221;no&#8221; wd_z_index=&#8221;no&#8221;]\t\t<div id=\"wd-63bc3a6de8313\" class=\"wd-text-block wd-wpb reset-last-child wd-rs-63bc3a6de8313 text-left color-scheme-light wd-font-weight-500 color-title wd-fontsize-s font-primary vc_custom_1673280116357\">\n\t\t\t<p>Misyon<\/p>\n\t\t<\/div>\n\t\t\t\t<div id=\"wd-63bc3a5483a9d\" class=\"wd-text-block wd-wpb reset-last-child wd-rs-63bc3a5483a9d text-left color-scheme-light vc_custom_1673280090550\">\n\t\t\t<p>\u00c7evreye duyarl\u0131, y\u00fcksek kalite d\u00fczeyinde, en az maliyetle, yenilik ve geli\u015fmeleri m\u00fc\u015fterilerine sunan, daima m\u00fc\u015fteri beklentilerini \u00f6n planda tutan, \u015firket olmakt\u0131r.<\/p>\n\t\t<\/div>\n\t\t\t\t<div id=\"wd-63bc3a7591437\" class=\"wd-text-block wd-wpb reset-last-child wd-rs-63bc3a7591437 text-left color-scheme-light wd-font-weight-500 color-title wd-fontsize-s font-primary vc_custom_1673280125344\">\n\t\t\t<p>Vizyon<\/p>\n\t\t<\/div>\n\t\t\t\t<div id=\"wd-63bc3a869708f\" class=\"wd-text-block wd-wpb reset-last-child wd-rs-63bc3a869708f text-left color-scheme-light vc_custom_1673280260260\">\n\t\t\t<p>Yenilik\u00e7i moda anlay\u0131\u015f\u0131 ile geri d\u00f6n\u00fc\u015ft\u00fcr\u00fclebilen g\u00fcnl\u00fck hayatta kullan\u0131labilen kaliteli \u00fcr\u00fcnler \u00fcretmektedir.<\/p>\n\t\t<\/div>\n\t\t[\/vc_column_inner][vc_column_inner width=&#8221;1\/2&#8243; css=&#8221;.vc_custom_1637326125811{padding-right: 30px !important;}&#8221; offset=&#8221;vc_hidden-md vc_hidden-sm vc_hidden-xs&#8221; woodmart_css_id=&#8221;61979d29db8ae&#8221; responsive_spacing=&#8221;eyJwYXJhbV90eXBlIjoid29vZG1hcnRfcmVzcG9uc2l2ZV9zcGFjaW5nIiwic2VsZWN0b3JfaWQiOiI2MTk3OWQyOWRiOGFlIiwic2hvcnRjb2RlIjoidmNfY29sdW1uX2lubmVyIiwiZGF0YSI6eyJ0YWJsZXQiOnt9LCJtb2JpbGUiOnsicGFkZGluZy1yaWdodCI6IjAifX19&#8243; parallax_scroll=&#8221;no&#8221; woodmart_sticky_column=&#8221;false&#8221; wd_collapsible_content_switcher=&#8221;no&#8221; mobile_bg_img_hidden=&#8221;no&#8221; tablet_bg_img_hidden=&#8221;no&#8221; woodmart_parallax=&#8221;0&#8243; woodmart_box_shadow=&#8221;no&#8221; wd_z_index=&#8221;no&#8221;][\/vc_column_inner][\/vc_row_inner]<div id=\"wd-63bc3b1009c34\" class=\" wd-rs-63bc3b1009c34  wd-button-wrapper text-center inline-element\"><a href=\"#\" title=\"\" class=\"btn btn-color-primary btn-style-default btn-style-rectangle btn-size-default\">Bize Ula\u015f\u0131n<\/a><\/div><div id=\"wd-63bc3b23191fa\" class=\" wd-rs-63bc3b23191fa  wd-button-wrapper text-center inline-element\"><a href=\"#\" title=\"\" class=\"btn btn-color-white btn-style-bordered btn-style-rectangle btn-size-default\">Daha Fazlas\u0131<\/a><\/div>[\/vc_column][\/vc_row]<\/p>\n<\/section>","protected":false},"excerpt":{"rendered":"<p>[vc_row full_width=&#8221;stretch_row_content_no_spaces&#8221; equal_height=&#8221;yes&#8221; content_placement=&#8221;middle&#8221; css=&#8221;.vc_custom_1627895954385{margin-bottom: 95px !important;padding-top: 0px !important;padding-bottom: 0px !important;background-color: #141414 !important;}&#8221; woodmart_css_id=&#8221;6107b88e07686&#8243; responsive_spacing=&#8221;eyJwYXJhbV90eXBlIjoid29vZG1hcnRfcmVzcG9uc2l2ZV9zcGFjaW5nIiwic2VsZWN0b3JfaWQiOiI2MTA3Yjg4ZTA3Njg2Iiwic2hvcnRjb2RlIjoidmNfcm93IiwiZGF0YSI6eyJ0YWJsZXQiOnsibWFyZ2luLWJvdHRvbSI6IjcwIn0sIm1vYmlsZSI6eyJtYXJnaW4tYm90dG9tIjoiNDAifX19&#8243; mobile_bg_img_hidden=&#8221;no&#8221; tablet_bg_img_hidden=&#8221;no&#8221; woodmart_parallax=&#8221;0&#8243; woodmart_gradient_switch=&#8221;no&#8221; row_reverse_mobile=&#8221;0&#8243;<\/p>\n","protected":false},"author":1,"featured_media":0,"parent":0,"menu_order":0,"comment_status":"closed","ping_status":"closed","template":"","meta":[],"aioseo_notices":[],"_links":{"self":[{"href":"https:\/\/dmdecorhause.com\/index.php\/wp-json\/wp\/v2\/pages\/5212"}],"collection":[{"href":"https:\/\/dmdecorhause.com\/index.php\/wp-json\/wp\/v2\/pages"}],"about":[{"href":"https:\/\/dmdecorhause.com\/index.php\/wp-json\/wp\/v2\/types\/page"}],"author":[{"embeddable":true,"href":"https:\/\/dmdecorhause.com\/index.php\/wp-json\/wp\/v2\/users\/1"}],"replies":[{"embeddable":true,"href":"https:\/\/dmdecorhause.com\/index.php\/wp-json\/wp\/v2\/comments?post=5212"}],"version-history":[{"count":3,"href":"https:\/\/dmdecorhause.com\/index.php\/wp-json\/wp\/v2\/pages\/5212\/revisions"}],"predecessor-version":[{"id":7096,"href":"https:\/\/dmdecorhause.com\/index.php\/wp-json\/wp\/v2\/pages\/5212\/revisions\/7096"}],"wp:attachment":[{"href":"https:\/\/dmdecorhause.com\/index.php\/wp-json\/wp\/v2\/media?parent=5212"}],"curies":[{"name":"wp","href":"https:\/\/api.w.org\/{rel}","templated":true}]}}