{"id":7154,"date":"2023-01-20T17:12:19","date_gmt":"2023-01-20T14:12:19","guid":{"rendered":"https:\/\/dmdecorhause.com\/?post_type=product&#038;p=7154"},"modified":"2025-10-05T00:15:25","modified_gmt":"2025-10-04T21:15:25","slug":"yasam-cicegi-torus-sri-yantra-metal-tablo","status":"publish","type":"product","link":"https:\/\/dmdecorhause.com\/index.php\/product\/yasam-cicegi-torus-sri-yantra-metal-tablo\/","title":{"rendered":"Ya\u015fam \u00c7i\u00e7e\u011fi-Torus-Sri Yantra Metal Tablo"},"content":{"rendered":"<p>Ya\u015fam \u00c7i\u00e7e\u011fi-Torus-Sri Yantra Metal Tablo<\/p>\n<ul>\n<li>1.5mm metal malzeme<\/li>\n<li>2 Farkl\u0131 Renk Se\u00e7ene\u011fi ( Siyah ve Antik Alt\u0131n ) ile\u00a04 farkl\u0131 \u00f6l\u00e7\u00fc se\u00e7ene\u011fimiz mevcuttur<\/li>\n<li>\u0130ste\u011finizi \u00f6l\u00e7\u00fcy\u00fc \u00f6l\u00e7\u00fc k\u0131sm\u0131ndan se\u00e7ebilirsiniz<\/li>\n<li><u>\u00d6l\u00e7\u00fc se\u00e7eneklerimiz<\/u><\/li>\n<li>\u00d8 24 cm ( 240 mm )<\/li>\n<li>\u00d8 49 cm ( 490 mm )<\/li>\n<li>\u00d8 74 cm ( 740 mm )<\/li>\n<li>\u00d899 cm ( 990 mm )<\/li>\n<li>\u00dcr\u00fcn duvara as\u0131lmaya haz\u0131r durumdad\u0131r, kurulum gerektirmez.<\/li>\n<li>Duvara asmak i\u00e7in vida ve dubel taraf\u0131m\u0131zdan g\u00f6nderilecektir.<\/li>\n<li>Dayan\u0131kl\u0131, \u00e7evreye duyarl\u0131 ve kolay temizleme imk\u00e2n\u0131 sunan dekoratif metal duvar tablolar\u0131 uzun y\u0131llar kullanabilirsiniz.<\/li>\n<\/ul>\n","protected":false},"excerpt":{"rendered":"<p>Ya\u015fam \u00c7i\u00e7e\u011fi-Torus-Sri Yantra Metal Tablo 1.5mm metal malzeme 2 Farkl\u0131 Renk Se\u00e7ene\u011fi ( Siyah ve Antik Alt\u0131n ) ile\u00a04 farkl\u0131<\/p>\n","protected":false},"featured_media":7169,"comment_status":"open","ping_status":"closed","template":"","meta":[],"product_cat":[81],"product_tag":[],"aioseo_notices":[],"_links":{"self":[{"href":"https:\/\/dmdecorhause.com\/index.php\/wp-json\/wp\/v2\/product\/7154"}],"collection":[{"href":"https:\/\/dmdecorhause.com\/index.php\/wp-json\/wp\/v2\/product"}],"about":[{"href":"https:\/\/dmdecorhause.com\/index.php\/wp-json\/wp\/v2\/types\/product"}],"replies":[{"embeddable":true,"href":"https:\/\/dmdecorhause.com\/index.php\/wp-json\/wp\/v2\/comments?post=7154"}],"wp:featuredmedia":[{"embeddable":true,"href":"https:\/\/dmdecorhause.com\/index.php\/wp-json\/wp\/v2\/media\/7169"}],"wp:attachment":[{"href":"https:\/\/dmdecorhause.com\/index.php\/wp-json\/wp\/v2\/media?parent=7154"}],"wp:term":[{"taxonomy":"product_cat","embeddable":true,"href":"https:\/\/dmdecorhause.com\/index.php\/wp-json\/wp\/v2\/product_cat?post=7154"},{"taxonomy":"product_tag","embeddable":true,"href":"https:\/\/dmdecorhause.com\/index.php\/wp-json\/wp\/v2\/product_tag?post=7154"}],"curies":[{"name":"wp","href":"https:\/\/api.w.org\/{rel}","templated":true}]}}