{"id":7240,"date":"2023-01-27T15:10:17","date_gmt":"2023-01-27T12:10:17","guid":{"rendered":"https:\/\/dmdecorhause.com\/?post_type=product&#038;p=7240"},"modified":"2024-12-24T13:51:17","modified_gmt":"2024-12-24T10:51:17","slug":"damla-desen-allah-yazili-metal-tablo","status":"publish","type":"product","link":"https:\/\/dmdecorhause.com\/index.php\/product\/damla-desen-allah-yazili-metal-tablo\/","title":{"rendered":"Damla Desen Allah Yaz\u0131l\u0131 Metal Tablo"},"content":{"rendered":"<ul>\n<li>1.5mm metal malzeme<\/li>\n<li>\u00d6l\u00e7\u00fc 25x40cm<\/li>\n<li>Siyah Mat F\u0131r\u0131n Boya<\/li>\n<li>\u00dcr\u00fcn duvara as\u0131lmaya haz\u0131r durumdad\u0131r, kurulum gerektirmez.<\/li>\n<li>Duvara asmak i\u00e7in vida ve dubel taraf\u0131m\u0131zdan g\u00f6nderilecektir.<\/li>\n<li>Dayan\u0131kl\u0131, \u00e7evreye duyarl\u0131 ve kolay temizleme imk\u00e2n\u0131 sunan dekoratif metal duvar tablolar\u0131 uzun y\u0131llar kullanabilirsiniz.<\/li>\n<\/ul>\n","protected":false},"excerpt":{"rendered":"<p>1.5mm metal malzeme \u00d6l\u00e7\u00fc 25x40cm Siyah Mat F\u0131r\u0131n Boya \u00dcr\u00fcn duvara as\u0131lmaya haz\u0131r durumdad\u0131r, kurulum gerektirmez. Duvara asmak i\u00e7in vida<\/p>\n","protected":false},"featured_media":7241,"comment_status":"open","ping_status":"closed","template":"","meta":[],"product_cat":[81],"product_tag":[],"aioseo_notices":[],"_links":{"self":[{"href":"https:\/\/dmdecorhause.com\/index.php\/wp-json\/wp\/v2\/product\/7240"}],"collection":[{"href":"https:\/\/dmdecorhause.com\/index.php\/wp-json\/wp\/v2\/product"}],"about":[{"href":"https:\/\/dmdecorhause.com\/index.php\/wp-json\/wp\/v2\/types\/product"}],"replies":[{"embeddable":true,"href":"https:\/\/dmdecorhause.com\/index.php\/wp-json\/wp\/v2\/comments?post=7240"}],"wp:featuredmedia":[{"embeddable":true,"href":"https:\/\/dmdecorhause.com\/index.php\/wp-json\/wp\/v2\/media\/7241"}],"wp:attachment":[{"href":"https:\/\/dmdecorhause.com\/index.php\/wp-json\/wp\/v2\/media?parent=7240"}],"wp:term":[{"taxonomy":"product_cat","embeddable":true,"href":"https:\/\/dmdecorhause.com\/index.php\/wp-json\/wp\/v2\/product_cat?post=7240"},{"taxonomy":"product_tag","embeddable":true,"href":"https:\/\/dmdecorhause.com\/index.php\/wp-json\/wp\/v2\/product_tag?post=7240"}],"curies":[{"name":"wp","href":"https:\/\/api.w.org\/{rel}","templated":true}]}}