{"id":7269,"date":"2023-02-03T13:18:27","date_gmt":"2023-02-03T10:18:27","guid":{"rendered":"https:\/\/dmdecorhause.com\/?post_type=product&#038;p=7269"},"modified":"2024-12-24T13:51:16","modified_gmt":"2024-12-24T10:51:16","slug":"3lu-cicek-metal-tablo-2","status":"publish","type":"product","link":"https:\/\/dmdecorhause.com\/index.php\/product\/3lu-cicek-metal-tablo-2\/","title":{"rendered":"3&#8217;l\u00fc \u00c7i\u00e7ek Metal Tablo"},"content":{"rendered":"<ul>\n<li>1.5mm metal malzeme<\/li>\n<li>\u00d6l\u00e7\u00fc 15x90cm<\/li>\n<li>Siyah Mat F\u0131r\u0131n Boya<\/li>\n<li>\u00dcr\u00fcn duvara as\u0131lmaya haz\u0131r durumdad\u0131r, kurulum gerektirmez.<\/li>\n<li>Duvara asmak i\u00e7in vida ve dubel taraf\u0131m\u0131zdan g\u00f6nderilecektir.<\/li>\n<li>Dayan\u0131kl\u0131, \u00e7evreye duyarl\u0131 ve kolay temizleme imk\u00e2n\u0131 sunan dekoratif metal duvar tablolar\u0131 uzun y\u0131llar kullanabilirsiniz.<\/li>\n<\/ul>\n","protected":false},"excerpt":{"rendered":"<p>1.5mm metal malzeme \u00d6l\u00e7\u00fc 15x90cm Siyah Mat F\u0131r\u0131n Boya \u00dcr\u00fcn duvara as\u0131lmaya haz\u0131r durumdad\u0131r, kurulum gerektirmez. Duvara asmak i\u00e7in vida<\/p>\n","protected":false},"featured_media":7270,"comment_status":"open","ping_status":"closed","template":"","meta":[],"product_cat":[81],"product_tag":[],"aioseo_notices":[],"_links":{"self":[{"href":"https:\/\/dmdecorhause.com\/index.php\/wp-json\/wp\/v2\/product\/7269"}],"collection":[{"href":"https:\/\/dmdecorhause.com\/index.php\/wp-json\/wp\/v2\/product"}],"about":[{"href":"https:\/\/dmdecorhause.com\/index.php\/wp-json\/wp\/v2\/types\/product"}],"replies":[{"embeddable":true,"href":"https:\/\/dmdecorhause.com\/index.php\/wp-json\/wp\/v2\/comments?post=7269"}],"wp:featuredmedia":[{"embeddable":true,"href":"https:\/\/dmdecorhause.com\/index.php\/wp-json\/wp\/v2\/media\/7270"}],"wp:attachment":[{"href":"https:\/\/dmdecorhause.com\/index.php\/wp-json\/wp\/v2\/media?parent=7269"}],"wp:term":[{"taxonomy":"product_cat","embeddable":true,"href":"https:\/\/dmdecorhause.com\/index.php\/wp-json\/wp\/v2\/product_cat?post=7269"},{"taxonomy":"product_tag","embeddable":true,"href":"https:\/\/dmdecorhause.com\/index.php\/wp-json\/wp\/v2\/product_tag?post=7269"}],"curies":[{"name":"wp","href":"https:\/\/api.w.org\/{rel}","templated":true}]}}